{"id":22955,"date":"2026-01-24T20:54:00","date_gmt":"2026-01-24T20:54:00","guid":{"rendered":"https:\/\/j-dorien.com\/?post_type=product&#038;p=22955"},"modified":"2026-03-03T10:46:12","modified_gmt":"2026-03-03T10:46:12","slug":"long-sleeves-top-white","status":"publish","type":"product","link":"https:\/\/j-dorien.com\/cz\/produkt\/long-sleeves-top-white\/","title":{"rendered":"Long sleeves top &#8211; white"},"content":{"rendered":"<p data-start=\"142\" data-end=\"454\">Navr\u017een s D\u011bdictv\u00ed line vyt\u0159\u00edben\u00fd cit, to low-dopad podprsenka p\u0159in\u00e1\u0161\u00ed socha\u0159sk\u00e9 twist na klasick\u00e9 siluet\u011b. Vytvo\u0159en\u00fd v na\u0161\u00ed hladk\u00e9 <em data-start=\"290\" data-end=\"304\">ActiveButter<\/em> pleten\u00e9\u2014lehk\u00e9, prody\u0161n\u00e9 a jemn\u011b pru\u017en\u00e9\u2014to nab\u00edz\u00ed za druh\u00e9-pocit na k\u016f\u017ei p\u0159i zachov\u00e1n\u00ed slo\u017een\u00e9, elegantn\u00ed profil, ka\u017ed\u00fd pohyb.<\/p>\n<p data-start=\"456\" data-end=\"907\">","protected":false},"excerpt":{"rendered":"<p>\u2022 ActiveButter tkaniny<br data-start=\"930\" data-end=\"933\" \/>\u2022 Ze\u0161t\u00edhluj\u00edc\u00ed design<br data-start=\"953\" data-end=\"956\" \/>\u2022 Zip<br data-start=\"1011\" data-end=\"1014\" \/>\u2022 Kontrastn\u00ed \u010daloun\u011bn\u00ed<br data-start=\"1082\" data-end=\"1085\" \/>\u2022 Palec out design na ruk\u00e1vy<\/p>","protected":false},"featured_media":22963,"template":"","meta":{"site-sidebar-layout":"default","site-content-layout":"","ast-site-content-layout":"default","site-content-style":"default","site-sidebar-style":"default","ast-global-header-display":"","ast-banner-title-visibility":"","ast-main-header-display":"","ast-hfb-above-header-display":"","ast-hfb-below-header-display":"","ast-hfb-mobile-header-display":"","site-post-title":"","ast-breadcrumbs-content":"","ast-featured-img":"","footer-sml-layout":"","theme-transparent-header-meta":"default","adv-header-id-meta":"","stick-header-meta":"","header-above-stick-meta":"","header-main-stick-meta":"","header-below-stick-meta":"","astra-migrate-meta-layouts":"set","ast-page-background-enabled":"default","ast-page-background-meta":{"desktop":{"background-color":"var(--ast-global-color-4)","background-image":"","background-repeat":"repeat","background-position":"center center","background-size":"auto","background-attachment":"scroll","background-type":"","background-media":"","overlay-type":"","overlay-color":"","overlay-opacity":"","overlay-gradient":""},"tablet":{"background-color":"","background-image":"","background-repeat":"repeat","background-position":"center center","background-size":"auto","background-attachment":"scroll","background-type":"","background-media":"","overlay-type":"","overlay-color":"","overlay-opacity":"","overlay-gradient":""},"mobile":{"background-color":"","background-image":"","background-repeat":"repeat","background-position":"center center","background-size":"auto","background-attachment":"scroll","background-type":"","background-media":"","overlay-type":"","overlay-color":"","overlay-opacity":"","overlay-gradient":""}},"ast-content-background-meta":{"desktop":{"background-color":"var(--ast-global-color-5)","background-image":"","background-repeat":"repeat","background-position":"center center","background-size":"auto","background-attachment":"scroll","background-type":"","background-media":"","overlay-type":"","overlay-color":"","overlay-opacity":"","overlay-gradient":""},"tablet":{"background-color":"var(--ast-global-color-5)","background-image":"","background-repeat":"repeat","background-position":"center center","background-size":"auto","background-attachment":"scroll","background-type":"","background-media":"","overlay-type":"","overlay-color":"","overlay-opacity":"","overlay-gradient":""},"mobile":{"background-color":"var(--ast-global-color-5)","background-image":"","background-repeat":"repeat","background-position":"center center","background-size":"auto","background-attachment":"scroll","background-type":"","background-media":"","overlay-type":"","overlay-color":"","overlay-opacity":"","overlay-gradient":""}}},"product_brand":[],"product_cat":[165,181,180],"product_tag":[168],"class_list":{"0":"post-22955","1":"product","2":"type-product","3":"status-publish","4":"has-post-thumbnail","6":"product_cat-heritage","7":"product_cat-long-sleeves-top","8":"product_cat-tops","9":"product_tag-heritage","10":"desktop-align-left","11":"tablet-align-left","12":"mobile-align-left","14":"first","15":"outofstock","16":"sale","17":"purchasable","18":"product-type-variable"},"_links":{"self":[{"href":"https:\/\/j-dorien.com\/cz\/wp-json\/wp\/v2\/product\/22955","targetHints":{"allow":["GET"]}}],"collection":[{"href":"https:\/\/j-dorien.com\/cz\/wp-json\/wp\/v2\/product"}],"about":[{"href":"https:\/\/j-dorien.com\/cz\/wp-json\/wp\/v2\/types\/product"}],"wp:featuredmedia":[{"embeddable":true,"href":"https:\/\/j-dorien.com\/cz\/wp-json\/wp\/v2\/media\/22963"}],"wp:attachment":[{"href":"https:\/\/j-dorien.com\/cz\/wp-json\/wp\/v2\/media?parent=22955"}],"wp:term":[{"taxonomy":"product_brand","embeddable":true,"href":"https:\/\/j-dorien.com\/cz\/wp-json\/wp\/v2\/product_brand?post=22955"},{"taxonomy":"product_cat","embeddable":true,"href":"https:\/\/j-dorien.com\/cz\/wp-json\/wp\/v2\/product_cat?post=22955"},{"taxonomy":"product_tag","embeddable":true,"href":"https:\/\/j-dorien.com\/cz\/wp-json\/wp\/v2\/product_tag?post=22955"}],"curies":[{"name":"wp","href":"https:\/\/api.w.org\/{rel}","templated":true}]}}