{"id":22062,"date":"2025-11-27T23:44:00","date_gmt":"2025-11-27T23:44:00","guid":{"rendered":"https:\/\/j-dorien.com\/?post_type=product&#038;p=22062"},"modified":"2026-03-03T10:46:45","modified_gmt":"2026-03-03T10:46:45","slug":"bubbly-twist-bra-red","status":"publish","type":"product","link":"https:\/\/j-dorien.com\/cz\/produkt\/bubbly-twist-bra-red\/","title":{"rendered":"Vesel\u00e1 podprsenka twist \u2013 \u010derven\u00e1"},"content":{"rendered":"<p data-start=\"142\" data-end=\"454\">Navr\u017een s D\u011bdictv\u00ed line vyt\u0159\u00edben\u00fd cit, to low-dopad podprsenka p\u0159in\u00e1\u0161\u00ed socha\u0159sk\u00e9 twist na klasick\u00e9 siluet\u011b. Vytvo\u0159en\u00fd v na\u0161\u00ed hladk\u00e9 <em data-start=\"290\" data-end=\"304\">ActiveButter<\/em> pleten\u00e9\u2014lehk\u00e9, prody\u0161n\u00e9 a jemn\u011b pru\u017en\u00e9\u2014to nab\u00edz\u00ed za druh\u00e9-pocit na k\u016f\u017ei p\u0159i zachov\u00e1n\u00ed slo\u017een\u00e9, elegantn\u00ed profil, ka\u017ed\u00fd pohyb.<\/p>\n<p data-start=\"456\" data-end=\"907\">Zlat\u00ed\u010dko v\u00fdst\u0159ih tvaruje poprs\u00ed s jemn\u00fdm p\u0159esnost, dopln\u011bn\u00e9 pevnou ku\u017eelovou popruhy, kter\u00e9 r\u00e1muj\u00ed horn\u00ed \u010d\u00e1sti t\u011bla s \u010dist\u00e9 architektonick\u00e9 linie. Twist-p\u0159edn\u00ed podrobn\u011b seznamuje \u00fast\u0159edn\u00edm bodem subtiln\u00ed dimenze, zat\u00edmco n\u00edzk\u00e9 otev\u0159en\u00e9 zp\u011bt vytv\u00e1\u0159\u00ed vyv\u00e1\u017een\u00fd pocit otev\u0159enosti a lehkosti. Pru\u017en\u00fd underband zaji\u0161\u0165uje bezpe\u010dn\u00e9 p\u0159esto volnosti, fit, co\u017e umo\u017e\u0148uje, kus, p\u0159echod bez n\u00e1mahy z aktivn\u00ed momenty zv\u00fd\u0161en\u00e9 voln\u00fd.<\/p>","protected":false},"excerpt":{"rendered":"<p>\u2022 ActiveButter tkaniny<br data-start=\"930\" data-end=\"933\" \/>\u2022 Low-dopad podpory<br data-start=\"953\" data-end=\"956\" \/>\u2022 V\u00fdst\u0159ih<br data-start=\"977\" data-end=\"980\" \/>\u2022 Pevn\u00e9 z\u00fa\u017een\u00e9 ramenn\u00ed popruhy<br data-start=\"1011\" data-end=\"1014\" \/>\u2022 Kontrastn\u00ed \u010daloun\u011bn\u00ed<br data-start=\"1030\" data-end=\"1033\" \/>\u2022 Twist-p\u0159edn\u00ed podrobn\u011b<br data-start=\"1056\" data-end=\"1059\" \/>\u2022 Elastick\u00e9 underband<br data-start=\"1082\" data-end=\"1085\" \/>\u2022 Pull-on design<\/p>","protected":false},"featured_media":22644,"template":"","meta":{"site-sidebar-layout":"default","site-content-layout":"","ast-site-content-layout":"default","site-content-style":"default","site-sidebar-style":"default","ast-global-header-display":"","ast-banner-title-visibility":"","ast-main-header-display":"","ast-hfb-above-header-display":"","ast-hfb-below-header-display":"","ast-hfb-mobile-header-display":"","site-post-title":"","ast-breadcrumbs-content":"","ast-featured-img":"","footer-sml-layout":"","theme-transparent-header-meta":"default","adv-header-id-meta":"","stick-header-meta":"","header-above-stick-meta":"","header-main-stick-meta":"","header-below-stick-meta":"","astra-migrate-meta-layouts":"set","ast-page-background-enabled":"default","ast-page-background-meta":{"desktop":{"background-color":"var(--ast-global-color-4)","background-image":"","background-repeat":"repeat","background-position":"center center","background-size":"auto","background-attachment":"scroll","background-type":"","background-media":"","overlay-type":"","overlay-color":"","overlay-opacity":"","overlay-gradient":""},"tablet":{"background-color":"","background-image":"","background-repeat":"repeat","background-position":"center center","background-size":"auto","background-attachment":"scroll","background-type":"","background-media":"","overlay-type":"","overlay-color":"","overlay-opacity":"","overlay-gradient":""},"mobile":{"background-color":"","background-image":"","background-repeat":"repeat","background-position":"center center","background-size":"auto","background-attachment":"scroll","background-type":"","background-media":"","overlay-type":"","overlay-color":"","overlay-opacity":"","overlay-gradient":""}},"ast-content-background-meta":{"desktop":{"background-color":"var(--ast-global-color-5)","background-image":"","background-repeat":"repeat","background-position":"center center","background-size":"auto","background-attachment":"scroll","background-type":"","background-media":"","overlay-type":"","overlay-color":"","overlay-opacity":"","overlay-gradient":""},"tablet":{"background-color":"var(--ast-global-color-5)","background-image":"","background-repeat":"repeat","background-position":"center center","background-size":"auto","background-attachment":"scroll","background-type":"","background-media":"","overlay-type":"","overlay-color":"","overlay-opacity":"","overlay-gradient":""},"mobile":{"background-color":"var(--ast-global-color-5)","background-image":"","background-repeat":"repeat","background-position":"center center","background-size":"auto","background-attachment":"scroll","background-type":"","background-media":"","overlay-type":"","overlay-color":"","overlay-opacity":"","overlay-gradient":""}}},"product_brand":[],"product_cat":[169,173,165,180],"product_tag":[168],"class_list":{"0":"post-22062","1":"product","2":"type-product","3":"status-publish","4":"has-post-thumbnail","6":"product_cat-bra","7":"product_cat-bubbly-twist-bra","8":"product_cat-heritage","9":"product_cat-tops","10":"product_tag-heritage","11":"desktop-align-left","12":"tablet-align-left","13":"mobile-align-left","15":"first","16":"instock","17":"sale","18":"shipping-taxable","19":"purchasable","20":"product-type-variable"},"_links":{"self":[{"href":"https:\/\/j-dorien.com\/cz\/wp-json\/wp\/v2\/product\/22062","targetHints":{"allow":["GET"]}}],"collection":[{"href":"https:\/\/j-dorien.com\/cz\/wp-json\/wp\/v2\/product"}],"about":[{"href":"https:\/\/j-dorien.com\/cz\/wp-json\/wp\/v2\/types\/product"}],"wp:featuredmedia":[{"embeddable":true,"href":"https:\/\/j-dorien.com\/cz\/wp-json\/wp\/v2\/media\/22644"}],"wp:attachment":[{"href":"https:\/\/j-dorien.com\/cz\/wp-json\/wp\/v2\/media?parent=22062"}],"wp:term":[{"taxonomy":"product_brand","embeddable":true,"href":"https:\/\/j-dorien.com\/cz\/wp-json\/wp\/v2\/product_brand?post=22062"},{"taxonomy":"product_cat","embeddable":true,"href":"https:\/\/j-dorien.com\/cz\/wp-json\/wp\/v2\/product_cat?post=22062"},{"taxonomy":"product_tag","embeddable":true,"href":"https:\/\/j-dorien.com\/cz\/wp-json\/wp\/v2\/product_tag?post=22062"}],"curies":[{"name":"wp","href":"https:\/\/api.w.org\/{rel}","templated":true}]}}