{"id":22022,"date":"2025-11-27T22:59:00","date_gmt":"2025-11-27T22:59:00","guid":{"rendered":"https:\/\/j-dorien.com\/?post_type=product&#038;p=22022"},"modified":"2026-03-28T07:37:15","modified_gmt":"2026-03-28T07:37:15","slug":"back-twist-bra-black","status":"publish","type":"product","link":"https:\/\/j-dorien.com\/cz\/produkt\/back-twist-bra-black\/","title":{"rendered":"Zp\u011bt twist podprsenka \u2013 \u010dern\u00e1"},"content":{"rendered":"<p data-start=\"144\" data-end=\"470\">Skl\u00e1d\u00e1 se D\u011bdictv\u00ed linie je decentn\u00ed elegance, to low-dopad podprsenka reimagines klasickou siluetu p\u0159es jemn\u00e9 architektonick\u00e9ho vrstven\u00ed. Vytvo\u0159en\u00fd v na\u0161\u00ed hladk\u00e9 <em data-start=\"313\" data-end=\"327\">ActiveButter<\/em> pleten\u00e9\u2014lehk\u00e9, prody\u0161n\u00e9, a ti\u0161e odoln\u00e9\u2014to kontury t\u011bla jako druh\u00e1 k\u016f\u017ee p\u0159i zachov\u00e1n\u00ed p\u0159ipraven\u00fd, nep\u0159eru\u0161en\u00fd profil.<\/p>\n<p data-start=\"472\" data-end=\"886\">\u010ctvercov\u00fd v\u00fdst\u0159ih r\u00e1my dekolt s \u010distou strukturu, podporuje dual pevn\u00e9 popruhy, kter\u00e9 p\u016fj\u010duj\u00ed rovnov\u00e1hu a jemnost. Vrstven\u00e9 konstrukce p\u0159edstavuje hloubku, ani\u017e by voln\u011b lo\u017een\u00e9, zat\u00edmco twist-back podrobn\u011b tvo\u0159\u00ed socha\u0159sk\u00e9 \u00fast\u0159edn\u00edm bodem, kter\u00fd se pohybuje plynule s t\u011blem. Navr\u017eeny tak, aby sp\u00e1rovat bez probl\u00e9m\u016f s skorts, leg\u00edny a \u0161ortky, p\u0159echody s lehkost\u00ed z disciplinovan\u00fd tr\u00e9nink se zv\u00fd\u0161enou rekrea\u010dn\u00ed.<\/p>","protected":false},"excerpt":{"rendered":"<p>\u2022 ActiveButter tkaniny<br data-start=\"909\" data-end=\"912\" \/>\u2022 Low-dopad podpory<br data-start=\"932\" data-end=\"935\" \/>\u2022 \u010ctvercov\u00fd v\u00fdst\u0159ih<br data-start=\"952\" data-end=\"955\" \/>\u2022 Du\u00e1ln\u00ed pevn\u00e9 ramenn\u00ed popruhy<br data-start=\"983\" data-end=\"986\" \/>\u2022 Kontrastn\u00ed \u010daloun\u011bn\u00ed<br data-start=\"1002\" data-end=\"1005\" \/>\u2022 Vrstven\u00e9 konstrukce<br data-start=\"1027\" data-end=\"1030\" \/>\u2022 Twist-back podrobn\u011b<br data-start=\"1052\" data-end=\"1055\" \/>\u2022 Pull-on design<\/p>","protected":false},"featured_media":22660,"template":"","meta":{"site-sidebar-layout":"default","site-content-layout":"","ast-site-content-layout":"default","site-content-style":"default","site-sidebar-style":"default","ast-global-header-display":"","ast-banner-title-visibility":"","ast-main-header-display":"","ast-hfb-above-header-display":"","ast-hfb-below-header-display":"","ast-hfb-mobile-header-display":"","site-post-title":"","ast-breadcrumbs-content":"","ast-featured-img":"","footer-sml-layout":"","theme-transparent-header-meta":"default","adv-header-id-meta":"","stick-header-meta":"","header-above-stick-meta":"","header-main-stick-meta":"","header-below-stick-meta":"","astra-migrate-meta-layouts":"set","ast-page-background-enabled":"default","ast-page-background-meta":{"desktop":{"background-color":"var(--ast-global-color-4)","background-image":"","background-repeat":"repeat","background-position":"center center","background-size":"auto","background-attachment":"scroll","background-type":"","background-media":"","overlay-type":"","overlay-color":"","overlay-opacity":"","overlay-gradient":""},"tablet":{"background-color":"","background-image":"","background-repeat":"repeat","background-position":"center center","background-size":"auto","background-attachment":"scroll","background-type":"","background-media":"","overlay-type":"","overlay-color":"","overlay-opacity":"","overlay-gradient":""},"mobile":{"background-color":"","background-image":"","background-repeat":"repeat","background-position":"center center","background-size":"auto","background-attachment":"scroll","background-type":"","background-media":"","overlay-type":"","overlay-color":"","overlay-opacity":"","overlay-gradient":""}},"ast-content-background-meta":{"desktop":{"background-color":"var(--ast-global-color-5)","background-image":"","background-repeat":"repeat","background-position":"center center","background-size":"auto","background-attachment":"scroll","background-type":"","background-media":"","overlay-type":"","overlay-color":"","overlay-opacity":"","overlay-gradient":""},"tablet":{"background-color":"var(--ast-global-color-5)","background-image":"","background-repeat":"repeat","background-position":"center center","background-size":"auto","background-attachment":"scroll","background-type":"","background-media":"","overlay-type":"","overlay-color":"","overlay-opacity":"","overlay-gradient":""},"mobile":{"background-color":"var(--ast-global-color-5)","background-image":"","background-repeat":"repeat","background-position":"center center","background-size":"auto","background-attachment":"scroll","background-type":"","background-media":"","overlay-type":"","overlay-color":"","overlay-opacity":"","overlay-gradient":""}}},"product_brand":[],"product_cat":[174,169,165,180],"product_tag":[168],"class_list":{"0":"post-22022","1":"product","2":"type-product","3":"status-publish","4":"has-post-thumbnail","6":"product_cat-back-twist-bra","7":"product_cat-bra","8":"product_cat-heritage","9":"product_cat-tops","10":"product_tag-heritage","11":"desktop-align-left","12":"tablet-align-left","13":"mobile-align-left","15":"first","16":"instock","17":"sale","18":"shipping-taxable","19":"purchasable","20":"product-type-variable"},"_links":{"self":[{"href":"https:\/\/j-dorien.com\/cz\/wp-json\/wp\/v2\/product\/22022","targetHints":{"allow":["GET"]}}],"collection":[{"href":"https:\/\/j-dorien.com\/cz\/wp-json\/wp\/v2\/product"}],"about":[{"href":"https:\/\/j-dorien.com\/cz\/wp-json\/wp\/v2\/types\/product"}],"wp:featuredmedia":[{"embeddable":true,"href":"https:\/\/j-dorien.com\/cz\/wp-json\/wp\/v2\/media\/22660"}],"wp:attachment":[{"href":"https:\/\/j-dorien.com\/cz\/wp-json\/wp\/v2\/media?parent=22022"}],"wp:term":[{"taxonomy":"product_brand","embeddable":true,"href":"https:\/\/j-dorien.com\/cz\/wp-json\/wp\/v2\/product_brand?post=22022"},{"taxonomy":"product_cat","embeddable":true,"href":"https:\/\/j-dorien.com\/cz\/wp-json\/wp\/v2\/product_cat?post=22022"},{"taxonomy":"product_tag","embeddable":true,"href":"https:\/\/j-dorien.com\/cz\/wp-json\/wp\/v2\/product_tag?post=22022"}],"curies":[{"name":"wp","href":"https:\/\/api.w.org\/{rel}","templated":true}]}}