{"id":21743,"date":"2026-01-24T22:14:38","date_gmt":"2026-01-24T22:14:38","guid":{"rendered":"https:\/\/j-dorien.com\/?post_type=product&#038;p=21743"},"modified":"2026-03-03T10:47:38","modified_gmt":"2026-03-03T10:47:38","slug":"leggings-with-pockets-black","status":"publish","type":"product","link":"https:\/\/j-dorien.com\/cz\/produkt\/leggings-with-pockets-black\/","title":{"rendered":"Leg\u00edny s kapsami \u2013 \u010dern\u00e1"},"content":{"rendered":"<p>These high to mid-waist leggings bring functional detail into the refined realm. While offering the core Active butters fabric\u2019s smooth compression and ease of movement, they are distinguished by side pockets \u2014 discreetly integrated yet visible enough to speak of utility. Contrast-trim detailing and tonal branding lend subtle interest without overt branding. The silhouette is long and clean, with the pocket shaping offering a gentle sculpting effect. A confident combination of sport-wear practicality and elevated design.<\/p>","protected":false},"excerpt":{"rendered":"<p>\u2022 Aktivn\u00ed M\u00e1slo tkaniny<br \/>\n\u2022 St\u0159edn\u00ed vzestup elastick\u00fdm pasem<br \/>\n\u2022 Pockets<br \/>\n\u2022 Kontrastn\u00ed \u010daloun\u011bn\u00ed<br \/>\n\u2022 Pln\u00e1 d\u00e9lka<\/p>","protected":false},"featured_media":22968,"template":"","meta":{"site-sidebar-layout":"default","site-content-layout":"","ast-site-content-layout":"default","site-content-style":"default","site-sidebar-style":"default","ast-global-header-display":"","ast-banner-title-visibility":"","ast-main-header-display":"","ast-hfb-above-header-display":"","ast-hfb-below-header-display":"","ast-hfb-mobile-header-display":"","site-post-title":"","ast-breadcrumbs-content":"","ast-featured-img":"","footer-sml-layout":"","theme-transparent-header-meta":"default","adv-header-id-meta":"","stick-header-meta":"","header-above-stick-meta":"","header-main-stick-meta":"","header-below-stick-meta":"","astra-migrate-meta-layouts":"set","ast-page-background-enabled":"default","ast-page-background-meta":{"desktop":{"background-color":"var(--ast-global-color-4)","background-image":"","background-repeat":"repeat","background-position":"center center","background-size":"auto","background-attachment":"scroll","background-type":"","background-media":"","overlay-type":"","overlay-color":"","overlay-opacity":"","overlay-gradient":""},"tablet":{"background-color":"","background-image":"","background-repeat":"repeat","background-position":"center center","background-size":"auto","background-attachment":"scroll","background-type":"","background-media":"","overlay-type":"","overlay-color":"","overlay-opacity":"","overlay-gradient":""},"mobile":{"background-color":"","background-image":"","background-repeat":"repeat","background-position":"center center","background-size":"auto","background-attachment":"scroll","background-type":"","background-media":"","overlay-type":"","overlay-color":"","overlay-opacity":"","overlay-gradient":""}},"ast-content-background-meta":{"desktop":{"background-color":"var(--ast-global-color-5)","background-image":"","background-repeat":"repeat","background-position":"center center","background-size":"auto","background-attachment":"scroll","background-type":"","background-media":"","overlay-type":"","overlay-color":"","overlay-opacity":"","overlay-gradient":""},"tablet":{"background-color":"var(--ast-global-color-5)","background-image":"","background-repeat":"repeat","background-position":"center center","background-size":"auto","background-attachment":"scroll","background-type":"","background-media":"","overlay-type":"","overlay-color":"","overlay-opacity":"","overlay-gradient":""},"mobile":{"background-color":"var(--ast-global-color-5)","background-image":"","background-repeat":"repeat","background-position":"center center","background-size":"auto","background-attachment":"scroll","background-type":"","background-media":"","overlay-type":"","overlay-color":"","overlay-opacity":"","overlay-gradient":""}}},"product_brand":[],"product_cat":[165,167,182],"product_tag":[168],"class_list":{"0":"post-21743","1":"product","2":"type-product","3":"status-publish","4":"has-post-thumbnail","6":"product_cat-heritage","7":"product_cat-leggings","8":"product_cat-leggings-with-pockets","9":"product_tag-heritage","10":"desktop-align-left","11":"tablet-align-left","12":"mobile-align-left","14":"first","15":"instock","16":"sale","17":"shipping-taxable","18":"purchasable","19":"product-type-variable"},"_links":{"self":[{"href":"https:\/\/j-dorien.com\/cz\/wp-json\/wp\/v2\/product\/21743","targetHints":{"allow":["GET"]}}],"collection":[{"href":"https:\/\/j-dorien.com\/cz\/wp-json\/wp\/v2\/product"}],"about":[{"href":"https:\/\/j-dorien.com\/cz\/wp-json\/wp\/v2\/types\/product"}],"wp:featuredmedia":[{"embeddable":true,"href":"https:\/\/j-dorien.com\/cz\/wp-json\/wp\/v2\/media\/22968"}],"wp:attachment":[{"href":"https:\/\/j-dorien.com\/cz\/wp-json\/wp\/v2\/media?parent=21743"}],"wp:term":[{"taxonomy":"product_brand","embeddable":true,"href":"https:\/\/j-dorien.com\/cz\/wp-json\/wp\/v2\/product_brand?post=21743"},{"taxonomy":"product_cat","embeddable":true,"href":"https:\/\/j-dorien.com\/cz\/wp-json\/wp\/v2\/product_cat?post=21743"},{"taxonomy":"product_tag","embeddable":true,"href":"https:\/\/j-dorien.com\/cz\/wp-json\/wp\/v2\/product_tag?post=21743"}],"curies":[{"name":"wp","href":"https:\/\/api.w.org\/{rel}","templated":true}]}}