{"id":21656,"date":"2025-11-09T14:45:00","date_gmt":"2025-11-09T14:45:00","guid":{"rendered":"https:\/\/j-dorien.com\/?post_type=product&#038;p=21656"},"modified":"2026-03-09T16:22:40","modified_gmt":"2026-03-09T16:22:40","slug":"twist-waist-leggings-ash-green","status":"publish","type":"product","link":"https:\/\/j-dorien.com\/cz\/produkt\/twist-waist-leggings-ash-green\/","title":{"rendered":"Twist waist leggings &#8211; green"},"content":{"rendered":"<p>Navr\u017eeny s vyt\u0159\u00edben\u00fdm krej\u010dovstv\u00ed v mysli, tyto high-vzestup leg\u00edny maj\u00ed jemn\u011b zkroucen\u00fd p\u00e1sek, kter\u00fd r\u00e1muje p\u0159\u00edrodn\u00ed pase a dod\u00e1v\u00e1 subtiln\u00ed architektonick\u00e9 vzkv\u00e9tat k noze-line. L\u00e1tka je prezentov\u00e1na jako hladk\u00fd \"ActiveButter\" pleten\u00e9\u2014lehk\u00e9 a p\u0159esto odoln\u00e9\u2014vyrobeno pro hnut\u00ed, kter\u00e9 z\u016fst\u00e1v\u00e1 skl\u00e1d\u00e1. \u010cist\u00e9, nep\u0159eru\u0161en\u00e9 d\u00e9lky kapky do kotn\u00edku, co\u017e le\u0161t\u011bn\u00e9 silueta \u017ee p\u0159echody hladce z fitness rafinovan\u00fd voln\u00fd. S pe\u010dlivou konstrukci a minim\u00e1ln\u00ed \u0161it\u00ed, odr\u00e1\u017eej\u00ed klidn\u00e9 discipl\u00edny, formy a funkce.<\/p>","protected":false},"excerpt":{"rendered":"<p>\u2022 Aktivn\u00ed M\u00e1slo tkaniny<br \/>\n\u2022 St\u0159edn\u00ed vzestup elastick\u00fdm pasem<br \/>\n\u2022 Twist-p\u0159edn\u00ed podrobn\u011b<br \/>\n\u2022 Kontrastn\u00ed \u010daloun\u011bn\u00ed<br \/>\n\u2022 Pln\u00e1 d\u00e9lka<\/p>","protected":false},"featured_media":22697,"template":"","meta":{"site-sidebar-layout":"default","site-content-layout":"","ast-site-content-layout":"default","site-content-style":"default","site-sidebar-style":"default","ast-global-header-display":"","ast-banner-title-visibility":"","ast-main-header-display":"","ast-hfb-above-header-display":"","ast-hfb-below-header-display":"","ast-hfb-mobile-header-display":"","site-post-title":"","ast-breadcrumbs-content":"","ast-featured-img":"","footer-sml-layout":"","theme-transparent-header-meta":"default","adv-header-id-meta":"","stick-header-meta":"","header-above-stick-meta":"","header-main-stick-meta":"","header-below-stick-meta":"","astra-migrate-meta-layouts":"set","ast-page-background-enabled":"default","ast-page-background-meta":{"desktop":{"background-color":"var(--ast-global-color-4)","background-image":"","background-repeat":"repeat","background-position":"center center","background-size":"auto","background-attachment":"scroll","background-type":"","background-media":"","overlay-type":"","overlay-color":"","overlay-opacity":"","overlay-gradient":""},"tablet":{"background-color":"","background-image":"","background-repeat":"repeat","background-position":"center center","background-size":"auto","background-attachment":"scroll","background-type":"","background-media":"","overlay-type":"","overlay-color":"","overlay-opacity":"","overlay-gradient":""},"mobile":{"background-color":"","background-image":"","background-repeat":"repeat","background-position":"center center","background-size":"auto","background-attachment":"scroll","background-type":"","background-media":"","overlay-type":"","overlay-color":"","overlay-opacity":"","overlay-gradient":""}},"ast-content-background-meta":{"desktop":{"background-color":"var(--ast-global-color-5)","background-image":"","background-repeat":"repeat","background-position":"center center","background-size":"auto","background-attachment":"scroll","background-type":"","background-media":"","overlay-type":"","overlay-color":"","overlay-opacity":"","overlay-gradient":""},"tablet":{"background-color":"var(--ast-global-color-5)","background-image":"","background-repeat":"repeat","background-position":"center center","background-size":"auto","background-attachment":"scroll","background-type":"","background-media":"","overlay-type":"","overlay-color":"","overlay-opacity":"","overlay-gradient":""},"mobile":{"background-color":"var(--ast-global-color-5)","background-image":"","background-repeat":"repeat","background-position":"center center","background-size":"auto","background-attachment":"scroll","background-type":"","background-media":"","overlay-type":"","overlay-color":"","overlay-opacity":"","overlay-gradient":""}}},"product_brand":[],"product_cat":[165,167,178],"product_tag":[168],"class_list":{"0":"post-21656","1":"product","2":"type-product","3":"status-publish","4":"has-post-thumbnail","6":"product_cat-heritage","7":"product_cat-leggings","8":"product_cat-twist-waist-leggings","9":"product_tag-heritage","10":"desktop-align-left","11":"tablet-align-left","12":"mobile-align-left","14":"first","15":"instock","16":"sale","17":"shipping-taxable","18":"purchasable","19":"product-type-variable"},"_links":{"self":[{"href":"https:\/\/j-dorien.com\/cz\/wp-json\/wp\/v2\/product\/21656","targetHints":{"allow":["GET"]}}],"collection":[{"href":"https:\/\/j-dorien.com\/cz\/wp-json\/wp\/v2\/product"}],"about":[{"href":"https:\/\/j-dorien.com\/cz\/wp-json\/wp\/v2\/types\/product"}],"wp:featuredmedia":[{"embeddable":true,"href":"https:\/\/j-dorien.com\/cz\/wp-json\/wp\/v2\/media\/22697"}],"wp:attachment":[{"href":"https:\/\/j-dorien.com\/cz\/wp-json\/wp\/v2\/media?parent=21656"}],"wp:term":[{"taxonomy":"product_brand","embeddable":true,"href":"https:\/\/j-dorien.com\/cz\/wp-json\/wp\/v2\/product_brand?post=21656"},{"taxonomy":"product_cat","embeddable":true,"href":"https:\/\/j-dorien.com\/cz\/wp-json\/wp\/v2\/product_cat?post=21656"},{"taxonomy":"product_tag","embeddable":true,"href":"https:\/\/j-dorien.com\/cz\/wp-json\/wp\/v2\/product_tag?post=21656"}],"curies":[{"name":"wp","href":"https:\/\/api.w.org\/{rel}","templated":true}]}}